{"id":686,"date":"2025-12-15T11:22:00","date_gmt":"2025-12-15T16:22:00","guid":{"rendered":"https:\/\/promocionalesmagidea.com\/?post_type=product&#038;p=686"},"modified":"2025-12-15T12:44:34","modified_gmt":"2025-12-15T17:44:34","slug":"sport-bag-usos","status":"publish","type":"product","link":"https:\/\/promocionalesmagidea.com\/index.php\/producto\/sport-bag-usos\/","title":{"rendered":"Sport bag usos"},"content":{"rendered":"<p>Estos <strong>bolsos econ\u00f3micos<\/strong> son perfectos para empresas que buscan <strong>merchandising corporativo<\/strong> a excelente precio, emprendedores que inician su negocio, o compradores inteligentes que quieren calidad sin pagar de m\u00e1s. Cada <strong>bolso en promoci\u00f3n<\/strong> mantiene nuestros est\u00e1ndares de durabilidad, acabados profesionales y dise\u00f1o moderno, adem\u00e1s de ser completamente personalizables con tu logo.<\/p>\n","protected":false},"excerpt":{"rendered":"<p><strong>Bolsos ecol\u00f3gicos en oferta<\/strong> hasta 40% de descuento. Cambrela, yute y m\u00e1s materiales. Personalizables con tu logo. Stock limitado. <strong>\u00a1Env\u00edos a todo Ecuador!<\/strong> \u00a1Aprovecha ya!<\/p>\n","protected":false},"featured_media":687,"comment_status":"open","ping_status":"closed","template":"","meta":[],"product_brand":[],"product_cat":[27],"product_tag":[],"class_list":{"0":"post-686","1":"product","2":"type-product","3":"status-publish","4":"has-post-thumbnail","6":"product_cat-mochilas-sport-bag","8":"first","9":"instock","10":"sale","11":"shipping-taxable","12":"purchasable","13":"product-type-simple"},"_links":{"self":[{"href":"https:\/\/promocionalesmagidea.com\/index.php\/wp-json\/wp\/v2\/product\/686","targetHints":{"allow":["GET"]}}],"collection":[{"href":"https:\/\/promocionalesmagidea.com\/index.php\/wp-json\/wp\/v2\/product"}],"about":[{"href":"https:\/\/promocionalesmagidea.com\/index.php\/wp-json\/wp\/v2\/types\/product"}],"replies":[{"embeddable":true,"href":"https:\/\/promocionalesmagidea.com\/index.php\/wp-json\/wp\/v2\/comments?post=686"}],"wp:featuredmedia":[{"embeddable":true,"href":"https:\/\/promocionalesmagidea.com\/index.php\/wp-json\/wp\/v2\/media\/687"}],"wp:attachment":[{"href":"https:\/\/promocionalesmagidea.com\/index.php\/wp-json\/wp\/v2\/media?parent=686"}],"wp:term":[{"taxonomy":"product_brand","embeddable":true,"href":"https:\/\/promocionalesmagidea.com\/index.php\/wp-json\/wp\/v2\/product_brand?post=686"},{"taxonomy":"product_cat","embeddable":true,"href":"https:\/\/promocionalesmagidea.com\/index.php\/wp-json\/wp\/v2\/product_cat?post=686"},{"taxonomy":"product_tag","embeddable":true,"href":"https:\/\/promocionalesmagidea.com\/index.php\/wp-json\/wp\/v2\/product_tag?post=686"}],"curies":[{"name":"wp","href":"https:\/\/api.w.org\/{rel}","templated":true}]}}