{"id":629,"date":"2025-12-15T08:25:58","date_gmt":"2025-12-15T13:25:58","guid":{"rendered":"https:\/\/promocionalesmagidea.com\/?post_type=product&#038;p=629"},"modified":"2025-12-15T08:25:58","modified_gmt":"2025-12-15T13:25:58","slug":"bolso-yute-oferta","status":"publish","type":"product","link":"https:\/\/promocionalesmagidea.com\/index.php\/producto\/bolso-yute-oferta\/","title":{"rendered":"BOLSO YUTE OFERTA"},"content":{"rendered":"<p><strong>Bolsos ecol\u00f3gicos en oferta<\/strong> hasta 40% de descuento. Cambrela, yute y m\u00e1s materiales. Personalizables con tu logo. Stock limitado. <strong>\u00a1Env\u00edos a todo Ecuador!<\/strong> \u00a1Aprovecha ya!<\/p>\n","protected":false},"excerpt":{"rendered":"<p>\u00a1Stock limitado en <strong>bolsos rebajados<\/strong>! Las mejores ofertas se agotan r\u00e1pido. Cantidades m\u00ednimas reducidas en productos seleccionados. <strong>Env\u00edos a todo Ecuador<\/strong> con las mismas garant\u00edas de calidad. Consulta disponibilidad de colores y modelos. \u00a1Cotiza ahora y aprovecha nuestros <strong>precios de oferta<\/strong> en bolsos ecol\u00f3gicos premium!<\/p>\n","protected":false},"featured_media":623,"comment_status":"open","ping_status":"closed","template":"","meta":[],"product_brand":[],"product_cat":[60],"product_tag":[],"class_list":{"0":"post-629","1":"product","2":"type-product","3":"status-publish","4":"has-post-thumbnail","6":"product_cat-ofertas","8":"first","9":"instock","10":"shipping-taxable","11":"product-type-simple"},"_links":{"self":[{"href":"https:\/\/promocionalesmagidea.com\/index.php\/wp-json\/wp\/v2\/product\/629","targetHints":{"allow":["GET"]}}],"collection":[{"href":"https:\/\/promocionalesmagidea.com\/index.php\/wp-json\/wp\/v2\/product"}],"about":[{"href":"https:\/\/promocionalesmagidea.com\/index.php\/wp-json\/wp\/v2\/types\/product"}],"replies":[{"embeddable":true,"href":"https:\/\/promocionalesmagidea.com\/index.php\/wp-json\/wp\/v2\/comments?post=629"}],"wp:featuredmedia":[{"embeddable":true,"href":"https:\/\/promocionalesmagidea.com\/index.php\/wp-json\/wp\/v2\/media\/623"}],"wp:attachment":[{"href":"https:\/\/promocionalesmagidea.com\/index.php\/wp-json\/wp\/v2\/media?parent=629"}],"wp:term":[{"taxonomy":"product_brand","embeddable":true,"href":"https:\/\/promocionalesmagidea.com\/index.php\/wp-json\/wp\/v2\/product_brand?post=629"},{"taxonomy":"product_cat","embeddable":true,"href":"https:\/\/promocionalesmagidea.com\/index.php\/wp-json\/wp\/v2\/product_cat?post=629"},{"taxonomy":"product_tag","embeddable":true,"href":"https:\/\/promocionalesmagidea.com\/index.php\/wp-json\/wp\/v2\/product_tag?post=629"}],"curies":[{"name":"wp","href":"https:\/\/api.w.org\/{rel}","templated":true}]}}