{"id":375,"date":"2025-12-14T18:52:00","date_gmt":"2025-12-14T23:52:00","guid":{"rendered":"https:\/\/promocionalesmagidea.com\/?post_type=product&#038;p=375"},"modified":"2025-12-14T21:50:50","modified_gmt":"2025-12-15T02:50:50","slug":"mandiles-ecologicos","status":"publish","type":"product","link":"https:\/\/promocionalesmagidea.com\/index.php\/producto\/mandiles-ecologicos\/","title":{"rendered":"Mandiles ecol\u00f3gicos"},"content":{"rendered":"<p>Nuestros <strong>mandiles en cambrela para cocina<\/strong> ofrecen protecci\u00f3n completa contra salpicaduras, manchas de aceite y l\u00edquidos calientes. La cambrela\u00a0 impermeable se limpia f\u00e1cilmente con pa\u00f1o h\u00famedo y resiste lavados frecuentes.<\/p>\n","protected":false},"excerpt":{"rendered":"<p>Mandiles de Cocina en Cambrel Personalizados | Delantales Ecol\u00f3gicos Ecuador<\/p>\n","protected":false},"featured_media":378,"comment_status":"open","ping_status":"closed","template":"","meta":[],"product_brand":[],"product_cat":[57],"product_tag":[],"class_list":{"0":"post-375","1":"product","2":"type-product","3":"status-publish","4":"has-post-thumbnail","6":"product_cat-mandiles","8":"first","9":"instock","10":"sale","11":"shipping-taxable","12":"purchasable","13":"product-type-simple"},"_links":{"self":[{"href":"https:\/\/promocionalesmagidea.com\/index.php\/wp-json\/wp\/v2\/product\/375","targetHints":{"allow":["GET"]}}],"collection":[{"href":"https:\/\/promocionalesmagidea.com\/index.php\/wp-json\/wp\/v2\/product"}],"about":[{"href":"https:\/\/promocionalesmagidea.com\/index.php\/wp-json\/wp\/v2\/types\/product"}],"replies":[{"embeddable":true,"href":"https:\/\/promocionalesmagidea.com\/index.php\/wp-json\/wp\/v2\/comments?post=375"}],"wp:featuredmedia":[{"embeddable":true,"href":"https:\/\/promocionalesmagidea.com\/index.php\/wp-json\/wp\/v2\/media\/378"}],"wp:attachment":[{"href":"https:\/\/promocionalesmagidea.com\/index.php\/wp-json\/wp\/v2\/media?parent=375"}],"wp:term":[{"taxonomy":"product_brand","embeddable":true,"href":"https:\/\/promocionalesmagidea.com\/index.php\/wp-json\/wp\/v2\/product_brand?post=375"},{"taxonomy":"product_cat","embeddable":true,"href":"https:\/\/promocionalesmagidea.com\/index.php\/wp-json\/wp\/v2\/product_cat?post=375"},{"taxonomy":"product_tag","embeddable":true,"href":"https:\/\/promocionalesmagidea.com\/index.php\/wp-json\/wp\/v2\/product_tag?post=375"}],"curies":[{"name":"wp","href":"https:\/\/api.w.org\/{rel}","templated":true}]}}