{"id":365,"date":"2025-12-14T18:24:22","date_gmt":"2025-12-14T23:24:22","guid":{"rendered":"https:\/\/promocionalesmagidea.com\/?post_type=product&#038;p=365"},"modified":"2025-12-14T22:15:00","modified_gmt":"2025-12-15T03:15:00","slug":"fundas-de-basura-para-auto","status":"publish","type":"product","link":"https:\/\/promocionalesmagidea.com\/index.php\/producto\/fundas-de-basura-para-auto\/","title":{"rendered":"Fundas de basura para auto"},"content":{"rendered":"<p>Nuestras <strong>fundas de basura para carro con logo<\/strong> se cuelgan f\u00e1cilmente en respaldo de asientos delanteros o laterales de puertas. La cambrela impermeable facilita limpieza r\u00e1pida con pa\u00f1o h\u00famedo y resiste derrames de l\u00edquidos.<\/p>\n<p>&nbsp;<\/p>\n","protected":false},"excerpt":{"rendered":"<p>Fundas de Basura para Auto en Cambrel Personalizadas\u00a0 Basurero Colgante Vehicular Ecuador<\/p>\n","protected":false},"featured_media":366,"comment_status":"open","ping_status":"closed","template":"","meta":[],"product_brand":[],"product_cat":[23],"product_tag":[],"class_list":{"0":"post-365","1":"product","2":"type-product","3":"status-publish","4":"has-post-thumbnail","6":"product_cat-fundas-troqueladas","8":"first","9":"instock","10":"sale","11":"shipping-taxable","12":"purchasable","13":"product-type-simple"},"_links":{"self":[{"href":"https:\/\/promocionalesmagidea.com\/index.php\/wp-json\/wp\/v2\/product\/365","targetHints":{"allow":["GET"]}}],"collection":[{"href":"https:\/\/promocionalesmagidea.com\/index.php\/wp-json\/wp\/v2\/product"}],"about":[{"href":"https:\/\/promocionalesmagidea.com\/index.php\/wp-json\/wp\/v2\/types\/product"}],"replies":[{"embeddable":true,"href":"https:\/\/promocionalesmagidea.com\/index.php\/wp-json\/wp\/v2\/comments?post=365"}],"wp:featuredmedia":[{"embeddable":true,"href":"https:\/\/promocionalesmagidea.com\/index.php\/wp-json\/wp\/v2\/media\/366"}],"wp:attachment":[{"href":"https:\/\/promocionalesmagidea.com\/index.php\/wp-json\/wp\/v2\/media?parent=365"}],"wp:term":[{"taxonomy":"product_brand","embeddable":true,"href":"https:\/\/promocionalesmagidea.com\/index.php\/wp-json\/wp\/v2\/product_brand?post=365"},{"taxonomy":"product_cat","embeddable":true,"href":"https:\/\/promocionalesmagidea.com\/index.php\/wp-json\/wp\/v2\/product_cat?post=365"},{"taxonomy":"product_tag","embeddable":true,"href":"https:\/\/promocionalesmagidea.com\/index.php\/wp-json\/wp\/v2\/product_tag?post=365"}],"curies":[{"name":"wp","href":"https:\/\/api.w.org\/{rel}","templated":true}]}}