{"id":335,"date":"2025-12-14T15:21:43","date_gmt":"2025-12-14T20:21:43","guid":{"rendered":"https:\/\/promocionalesmagidea.com\/?post_type=product&#038;p=335"},"modified":"2025-12-14T22:20:49","modified_gmt":"2025-12-15T03:20:49","slug":"bolso-con-asas-reforzadas","status":"publish","type":"product","link":"https:\/\/promocionalesmagidea.com\/index.php\/producto\/bolso-con-asas-reforzadas\/","title":{"rendered":"Bolsos con asas reforzadas"},"content":{"rendered":"<p>Con <strong>env\u00edos a todo Ecuador<\/strong>, llevamos tus bolsos ecol\u00f3gicos donde los necesites. Material vers\u00e1til, econ\u00f3mico y 100% reutilizable que proyecta la imagen sostenible de tu marca.<\/p>\n","protected":false},"excerpt":{"rendered":"<p>Bolsos ecol\u00f3gicos en cambrel resistentes y personalizables, perfectos para merchandising empresarial. Material duradero y sostenible con env\u00edos a todo Ecuador.<\/p>\n","protected":false},"featured_media":351,"comment_status":"open","ping_status":"closed","template":"","meta":[],"product_brand":[],"product_cat":[24],"product_tag":[21],"class_list":{"0":"post-335","1":"product","2":"type-product","3":"status-publish","4":"has-post-thumbnail","6":"product_cat-bolsos-con-tira","7":"product_tag-fundas-troqueladas","9":"first","10":"instock","11":"sale","12":"shipping-taxable","13":"purchasable","14":"product-type-simple"},"_links":{"self":[{"href":"https:\/\/promocionalesmagidea.com\/index.php\/wp-json\/wp\/v2\/product\/335","targetHints":{"allow":["GET"]}}],"collection":[{"href":"https:\/\/promocionalesmagidea.com\/index.php\/wp-json\/wp\/v2\/product"}],"about":[{"href":"https:\/\/promocionalesmagidea.com\/index.php\/wp-json\/wp\/v2\/types\/product"}],"replies":[{"embeddable":true,"href":"https:\/\/promocionalesmagidea.com\/index.php\/wp-json\/wp\/v2\/comments?post=335"}],"wp:featuredmedia":[{"embeddable":true,"href":"https:\/\/promocionalesmagidea.com\/index.php\/wp-json\/wp\/v2\/media\/351"}],"wp:attachment":[{"href":"https:\/\/promocionalesmagidea.com\/index.php\/wp-json\/wp\/v2\/media?parent=335"}],"wp:term":[{"taxonomy":"product_brand","embeddable":true,"href":"https:\/\/promocionalesmagidea.com\/index.php\/wp-json\/wp\/v2\/product_brand?post=335"},{"taxonomy":"product_cat","embeddable":true,"href":"https:\/\/promocionalesmagidea.com\/index.php\/wp-json\/wp\/v2\/product_cat?post=335"},{"taxonomy":"product_tag","embeddable":true,"href":"https:\/\/promocionalesmagidea.com\/index.php\/wp-json\/wp\/v2\/product_tag?post=335"}],"curies":[{"name":"wp","href":"https:\/\/api.w.org\/{rel}","templated":true}]}}