{"id":42,"date":"2025-12-09T09:30:54","date_gmt":"2025-12-09T14:30:54","guid":{"rendered":"https:\/\/promocionalesmagidea.com\/index.php\/carrito-2\/"},"modified":"2025-12-15T12:12:56","modified_gmt":"2025-12-15T17:12:56","slug":"carrito-2","status":"publish","type":"page","link":"https:\/\/promocionalesmagidea.com\/index.php\/carrito-2\/","title":{"rendered":"CARRITO"},"content":{"rendered":"\n<div data-block-name=\"woocommerce\/cart\" class=\"wp-block-woocommerce-cart alignwide is-loading\">\n<div data-block-name=\"woocommerce\/filled-cart-block\" class=\"wp-block-woocommerce-filled-cart-block\">\n<div data-block-name=\"woocommerce\/cart-items-block\" class=\"wp-block-woocommerce-cart-items-block\">\n<div data-block-name=\"woocommerce\/cart-line-items-block\" class=\"wp-block-woocommerce-cart-line-items-block\"><\/div>\n\n\n<\/div>\n\n\n\n<div data-block-name=\"woocommerce\/cart-totals-block\" class=\"wp-block-woocommerce-cart-totals-block\">\n<div data-block-name=\"woocommerce\/cart-order-summary-block\" class=\"wp-block-woocommerce-cart-order-summary-block\">\n<div data-block-name=\"woocommerce\/cart-order-summary-heading-block\" data-content=\"Total del carrito\" class=\"wp-block-woocommerce-cart-order-summary-heading-block\"><\/div>\n\n\n\n<div data-block-name=\"woocommerce\/cart-order-summary-coupon-form-block\" class=\"wp-block-woocommerce-cart-order-summary-coupon-form-block\"><\/div>\n\n\n\n<div data-block-name=\"woocommerce\/cart-order-summary-totals-block\" class=\"wp-block-woocommerce-cart-order-summary-totals-block\">\n<div data-block-name=\"woocommerce\/cart-order-summary-subtotal-block\" class=\"wp-block-woocommerce-cart-order-summary-subtotal-block\"><\/div>\n\n\n\n<div data-block-name=\"woocommerce\/cart-order-summary-fee-block\" class=\"wp-block-woocommerce-cart-order-summary-fee-block\"><\/div>\n\n\n\n<div data-block-name=\"woocommerce\/cart-order-summary-discount-block\" class=\"wp-block-woocommerce-cart-order-summary-discount-block\"><\/div>\n\n\n\n<div data-block-name=\"woocommerce\/cart-order-summary-shipping-block\" class=\"wp-block-woocommerce-cart-order-summary-shipping-block\"><\/div>\n\n\n\n<div data-block-name=\"woocommerce\/cart-order-summary-taxes-block\" class=\"wp-block-woocommerce-cart-order-summary-taxes-block\"><\/div>\n<\/div>\n<\/div>\n\n\n\n<div data-block-name=\"woocommerce\/cart-express-payment-block\" class=\"wp-block-woocommerce-cart-express-payment-block\"><\/div>\n\n\n\n<div data-block-name=\"woocommerce\/proceed-to-checkout-block\" class=\"wp-block-woocommerce-proceed-to-checkout-block\"><\/div>\n\n\n\n<div data-block-name=\"woocommerce\/cart-accepted-payment-methods-block\" class=\"wp-block-woocommerce-cart-accepted-payment-methods-block\"><\/div>\n<\/div>\n<\/div>\n\n\n\n<div data-block-name=\"woocommerce\/empty-cart-block\" class=\"wp-block-woocommerce-empty-cart-block\">\n<h2 class=\"wp-block-heading has-text-align-center with-empty-cart-icon wc-block-cart__empty-cart__title\">\u00a1Tu carrito actualmente est\u00e1 vac\u00edo!<\/h2>\n\n\n\n<hr class=\"wp-block-separator has-alpha-channel-opacity is-style-dots\"\/>\n\n\n\n<h2 class=\"wp-block-heading has-text-align-center\">Nuevo en la tienda<\/h2>\n\n\n<div data-block-name=\"woocommerce\/product-new\" data-columns=\"4\" data-rows=\"1\" class=\"wc-block-grid wp-block-product-new wp-block-woocommerce-product-new wc-block-product-new has-4-columns\"><ul class=\"wc-block-grid__products\"><li class=\"wc-block-grid__product\">\n\t\t\t\t<a href=\"https:\/\/promocionalesmagidea.com\/index.php\/producto\/sport-bag-usos\/\" class=\"wc-block-grid__product-link\">\n\t\t\t\t\t<div class=\"wc-block-grid__product-onsale\">\n\t\t\t<span aria-hidden=\"true\">Oferta<\/span>\n\t\t\t<span class=\"screen-reader-text\">Producto en oferta<\/span>\n\t\t<\/div>\n\t\t\t\t\t<div class=\"wc-block-grid__product-image\"><img fetchpriority=\"high\" decoding=\"async\" width=\"300\" height=\"300\" src=\"https:\/\/promocionalesmagidea.com\/wp-content\/uploads\/2025\/12\/sport-bag-emergencia-300x300.png\" class=\"attachment-woocommerce_thumbnail size-woocommerce_thumbnail\" alt=\"Lleva tu equipo deportivo con estilo y conciencia ambiental usando nuestros sport bags ecol\u00f3gicos fabricados en cambrela de alta resistencia. Nuestros bolsos deportivos son la combinaci\u00f3n perfecta entre funcionalidad, durabilidad y compromiso sustentable, dise\u00f1ados especialmente para gimnasio, yoga, f\u00fatbol, nataci\u00f3n, running, crossfit y cualquier actividad f\u00edsica que practiques.\" srcset=\"https:\/\/promocionalesmagidea.com\/wp-content\/uploads\/2025\/12\/sport-bag-emergencia-300x300.png 300w, https:\/\/promocionalesmagidea.com\/wp-content\/uploads\/2025\/12\/sport-bag-emergencia-150x150.png 150w, https:\/\/promocionalesmagidea.com\/wp-content\/uploads\/2025\/12\/sport-bag-emergencia-768x768.png 768w, https:\/\/promocionalesmagidea.com\/wp-content\/uploads\/2025\/12\/sport-bag-emergencia-600x600.png 600w, https:\/\/promocionalesmagidea.com\/wp-content\/uploads\/2025\/12\/sport-bag-emergencia-100x100.png 100w, https:\/\/promocionalesmagidea.com\/wp-content\/uploads\/2025\/12\/sport-bag-emergencia.png 1024w\" sizes=\"(max-width: 300px) 100vw, 300px\" \/><\/div>\n\t\t\t\t\t<div class=\"wc-block-grid__product-title\">Sport bag usos<\/div>\n\t\t\t\t<\/a>\n\t\t\t\t<div class=\"wc-block-grid__product-price price\"><del aria-hidden=\"true\"><span class=\"woocommerce-Price-amount amount\"><span class=\"woocommerce-Price-currencySymbol\">&#036;<\/span>0,94<\/span><\/del> <span class=\"screen-reader-text\">Original price was: &#036;0,94.<\/span><ins aria-hidden=\"true\"><span class=\"woocommerce-Price-amount amount\"><span class=\"woocommerce-Price-currencySymbol\">&#036;<\/span>0,79<\/span><\/ins><span class=\"screen-reader-text\">Current price is: &#036;0,79.<\/span><\/div>\n\t\t\t\t\n\t\t\t\t<div class=\"wp-block-button wc-block-grid__product-add-to-cart\"><a href=\"\/index.php\/wp-json\/wp\/v2\/pages\/42?add-to-cart=686\" aria-label=\"Add to cart: &ldquo;Sport bag usos&rdquo;\" data-quantity=\"1\" data-product_id=\"686\" data-product_sku=\"\" data-price=\"0.79\" rel=\"nofollow\" class=\"wp-block-button__link  add_to_cart_button ajax_add_to_cart\">A\u00f1adir al carrito<\/a><\/div>\n\t\t\t<\/li><li class=\"wc-block-grid__product\">\n\t\t\t\t<a href=\"https:\/\/promocionalesmagidea.com\/index.php\/producto\/porta-vestidos\/\" class=\"wc-block-grid__product-link\">\n\t\t\t\t\t\n\t\t\t\t\t<div class=\"wc-block-grid__product-image\"><img decoding=\"async\" width=\"300\" height=\"300\" src=\"https:\/\/promocionalesmagidea.com\/wp-content\/uploads\/2025\/12\/portavestidos-1-300x300.png\" class=\"attachment-woocommerce_thumbnail size-woocommerce_thumbnail\" alt=\"Protege tu ropa elegante con nuestros portavestidos de cambrela premium, dise\u00f1ados para mantener tus prendas impecables durante viajes, almacenamiento o mudanzas. Nuestras fundas para ropa est\u00e1n fabricadas en cambrela ecol\u00f3gica de alta resistencia, un material duradero, impermeable y f\u00e1cil de limpiar que garantiza protecci\u00f3n total contra polvo, humedad y arrugas.\" srcset=\"https:\/\/promocionalesmagidea.com\/wp-content\/uploads\/2025\/12\/portavestidos-1-300x300.png 300w, https:\/\/promocionalesmagidea.com\/wp-content\/uploads\/2025\/12\/portavestidos-1-150x150.png 150w, https:\/\/promocionalesmagidea.com\/wp-content\/uploads\/2025\/12\/portavestidos-1-768x768.png 768w, https:\/\/promocionalesmagidea.com\/wp-content\/uploads\/2025\/12\/portavestidos-1-600x600.png 600w, https:\/\/promocionalesmagidea.com\/wp-content\/uploads\/2025\/12\/portavestidos-1-100x100.png 100w, https:\/\/promocionalesmagidea.com\/wp-content\/uploads\/2025\/12\/portavestidos-1.png 1024w\" sizes=\"(max-width: 300px) 100vw, 300px\" \/><\/div>\n\t\t\t\t\t<div class=\"wc-block-grid__product-title\">Porta vestidos<\/div>\n\t\t\t\t<\/a>\n\t\t\t\t<div class=\"wc-block-grid__product-price price\"><\/div>\n\t\t\t\t\n\t\t\t\t<div class=\"wp-block-button wc-block-grid__product-add-to-cart\"><a href=\"https:\/\/promocionalesmagidea.com\/index.php\/producto\/porta-vestidos\/\" aria-label=\"Lee m\u00e1s sobre &ldquo;Porta vestidos&rdquo;\" data-quantity=\"1\" data-product_id=\"684\" data-product_sku=\"\" data-price=\"0\" rel=\"nofollow\" class=\"wp-block-button__link  add_to_cart_button\">Leer m\u00e1s<\/a><\/div>\n\t\t\t<\/li><li class=\"wc-block-grid__product\">\n\t\t\t\t<a href=\"https:\/\/promocionalesmagidea.com\/index.php\/producto\/ofertas-yute\/\" class=\"wc-block-grid__product-link\">\n\t\t\t\t\t\n\t\t\t\t\t<div class=\"wc-block-grid__product-image\"><img decoding=\"async\" width=\"300\" height=\"300\" src=\"https:\/\/promocionalesmagidea.com\/wp-content\/uploads\/2025\/12\/BOLSO-DE-LIENZO-CON-CORDON-1-300x300.jpg\" class=\"attachment-woocommerce_thumbnail size-woocommerce_thumbnail\" alt=\"Mochilas ecol\u00f3gicas en cambrela dise\u00f1adas para deportistas y profesionales activos. Incluye sport bags con compartimentos especializados, mochilas saco con cord\u00f3n y bolsos convertibles multifuncionales.\" srcset=\"https:\/\/promocionalesmagidea.com\/wp-content\/uploads\/2025\/12\/BOLSO-DE-LIENZO-CON-CORDON-1-300x300.jpg 300w, https:\/\/promocionalesmagidea.com\/wp-content\/uploads\/2025\/12\/BOLSO-DE-LIENZO-CON-CORDON-1-150x150.jpg 150w, https:\/\/promocionalesmagidea.com\/wp-content\/uploads\/2025\/12\/BOLSO-DE-LIENZO-CON-CORDON-1-100x100.jpg 100w\" sizes=\"(max-width: 300px) 100vw, 300px\" \/><\/div>\n\t\t\t\t\t<div class=\"wc-block-grid__product-title\">Ofertas yute<\/div>\n\t\t\t\t<\/a>\n\t\t\t\t<div class=\"wc-block-grid__product-price price\"><\/div>\n\t\t\t\t\n\t\t\t\t<div class=\"wp-block-button wc-block-grid__product-add-to-cart\"><a href=\"https:\/\/promocionalesmagidea.com\/index.php\/producto\/ofertas-yute\/\" aria-label=\"Lee m\u00e1s sobre &ldquo;Ofertas yute&rdquo;\" data-quantity=\"1\" data-product_id=\"665\" data-product_sku=\"\" data-price=\"0\" rel=\"nofollow\" class=\"wp-block-button__link  add_to_cart_button\">Leer m\u00e1s<\/a><\/div>\n\t\t\t<\/li><li class=\"wc-block-grid__product\">\n\t\t\t\t<a href=\"https:\/\/promocionalesmagidea.com\/index.php\/producto\/ofertas-cambrela\/\" class=\"wc-block-grid__product-link\">\n\t\t\t\t\t\n\t\t\t\t\t<div class=\"wc-block-grid__product-image\"><img loading=\"lazy\" decoding=\"async\" width=\"300\" height=\"300\" src=\"https:\/\/promocionalesmagidea.com\/wp-content\/uploads\/2025\/12\/BORDADOS-PERSONALIZADOS-CAMBRELA-300x300.jpg\" class=\"attachment-woocommerce_thumbnail size-woocommerce_thumbnail\" alt=\"Eleva la elegancia de tus productos con nuestro servicio de bordado personalizado de alta calidad. Utilizamos tecnolog\u00eda de bordado computarizado profesional para crear logos bordados duraderos y sofisticados en todos nuestros bolsos ecol\u00f3gicos de cambrela.\" srcset=\"https:\/\/promocionalesmagidea.com\/wp-content\/uploads\/2025\/12\/BORDADOS-PERSONALIZADOS-CAMBRELA-300x300.jpg 300w, https:\/\/promocionalesmagidea.com\/wp-content\/uploads\/2025\/12\/BORDADOS-PERSONALIZADOS-CAMBRELA-150x150.jpg 150w, https:\/\/promocionalesmagidea.com\/wp-content\/uploads\/2025\/12\/BORDADOS-PERSONALIZADOS-CAMBRELA-100x100.jpg 100w\" sizes=\"(max-width: 300px) 100vw, 300px\" \/><\/div>\n\t\t\t\t\t<div class=\"wc-block-grid__product-title\">Ofertas Cambrela<\/div>\n\t\t\t\t<\/a>\n\t\t\t\t<div class=\"wc-block-grid__product-price price\"><\/div>\n\t\t\t\t\n\t\t\t\t<div class=\"wp-block-button wc-block-grid__product-add-to-cart\"><a href=\"https:\/\/promocionalesmagidea.com\/index.php\/producto\/ofertas-cambrela\/\" aria-label=\"Lee m\u00e1s sobre &ldquo;Ofertas Cambrela&rdquo;\" data-quantity=\"1\" data-product_id=\"664\" data-product_sku=\"\" data-price=\"0\" rel=\"nofollow\" class=\"wp-block-button__link  add_to_cart_button\">Leer m\u00e1s<\/a><\/div>\n\t\t\t<\/li><\/ul><\/div><\/div>\n<\/div>\n","protected":false},"excerpt":{"rendered":"","protected":false},"author":1,"featured_media":0,"parent":0,"menu_order":0,"comment_status":"closed","ping_status":"closed","template":"","meta":{"footnotes":""},"class_list":["post-42","page","type-page","status-publish","hentry"],"_links":{"self":[{"href":"https:\/\/promocionalesmagidea.com\/index.php\/wp-json\/wp\/v2\/pages\/42","targetHints":{"allow":["GET"]}}],"collection":[{"href":"https:\/\/promocionalesmagidea.com\/index.php\/wp-json\/wp\/v2\/pages"}],"about":[{"href":"https:\/\/promocionalesmagidea.com\/index.php\/wp-json\/wp\/v2\/types\/page"}],"author":[{"embeddable":true,"href":"https:\/\/promocionalesmagidea.com\/index.php\/wp-json\/wp\/v2\/users\/1"}],"replies":[{"embeddable":true,"href":"https:\/\/promocionalesmagidea.com\/index.php\/wp-json\/wp\/v2\/comments?post=42"}],"version-history":[{"count":2,"href":"https:\/\/promocionalesmagidea.com\/index.php\/wp-json\/wp\/v2\/pages\/42\/revisions"}],"predecessor-version":[{"id":714,"href":"https:\/\/promocionalesmagidea.com\/index.php\/wp-json\/wp\/v2\/pages\/42\/revisions\/714"}],"wp:attachment":[{"href":"https:\/\/promocionalesmagidea.com\/index.php\/wp-json\/wp\/v2\/media?parent=42"}],"curies":[{"name":"wp","href":"https:\/\/api.w.org\/{rel}","templated":true}]}}